{"id":550,"date":"2018-08-13T15:31:05","date_gmt":"2018-08-13T15:31:05","guid":{"rendered":"https:\/\/hotell.uhotelsgroup.com\/about\/"},"modified":"2019-07-31T11:58:02","modified_gmt":"2019-07-31T11:58:02","slug":"home","status":"publish","type":"page","link":"https:\/\/hotell.uhotelsgroup.com\/et\/","title":{"rendered":"Avaleht"},"content":{"rendered":"<h1>CENTENNIAL HOTEL TALLINN<\/h1>\n<p>4-t\u00e4rni \u00e4rihotell Tallinna kesklinnas, 10 minuti kaugusel Tallinna vanalinnast, p\u00fchendatud Eesti Vabariigi 100. juubelile.<\/p>\n","protected":false},"excerpt":{"rendered":"<p>CENTENNIAL HOTEL TALLINN 4-t\u00e4rni \u00e4rihotell Tallinna kesklinnas, 10 minuti kaugusel Tallinna vanalinnast, p\u00fchendatud Eesti Vabariigi 100. juubelile.<\/p>\n","protected":false},"author":1,"featured_media":0,"parent":0,"menu_order":0,"comment_status":"open","ping_status":"closed","template":"template-home.php","meta":{"_acf_changed":false,"footnotes":""},"class_list":["post-550","page","type-page","status-publish","hentry"],"acf":[],"yoast_head":"<!-- This site is optimized with the Yoast SEO plugin v25.4 - https:\/\/yoast.com\/wordpress\/plugins\/seo\/ -->\n<title>MAIN SITE |&nbsp;DO NOT EDIT<\/title>\n<meta name=\"description\" content=\"4-t\u00e4rni \u00e4rihotell Tallinna kesklinnas, 10 minuti kaugusel Tallinna vanalinnast, p\u00fchendatud Eesti Vabariigi 100. juubelile.\" \/>\n<meta name=\"robots\" content=\"noindex, follow, max-snippet:-1, max-image-preview:large, max-video-preview:-1\" \/>\n<meta property=\"og:locale\" content=\"et_EE\" \/>\n<meta property=\"og:type\" content=\"article\" \/>\n<meta property=\"og:title\" content=\"CENTENNIAL HOTEL TALLINN\" \/>\n<meta property=\"og:description\" content=\"4-t\u00e4rni \u00e4rihotell Tallinna kesklinnas, 10 minuti kaugusel Tallinna vanalinnast, p\u00fchendatud Eesti Vabariigi 100. juubelile.\" \/>\n<meta property=\"og:url\" content=\"https:\/\/hotell.uhotelsgroup.com\/et\/\" \/>\n<meta property=\"og:site_name\" content=\"MAIN SITE |&nbsp;DO NOT EDIT\" \/>\n<meta property=\"article:modified_time\" content=\"2019-07-31T11:58:02+00:00\" \/>\n<meta property=\"og:image\" content=\"https:\/\/hotell.uhotelsgroup.com\/wp-content\/uploads\/2018\/09\/Contact-Location-slider-1.jpg\" \/>\n\t<meta property=\"og:image:width\" content=\"1132\" \/>\n\t<meta property=\"og:image:height\" content=\"548\" \/>\n\t<meta property=\"og:image:type\" content=\"image\/jpeg\" \/>\n<meta name=\"twitter:card\" content=\"summary_large_image\" \/>\n<script type=\"application\/ld+json\" class=\"yoast-schema-graph\">{\"@context\":\"https:\/\/schema.org\",\"@graph\":[{\"@type\":\"WebPage\",\"@id\":\"https:\/\/hotell.uhotelsgroup.com\/et\/\",\"url\":\"https:\/\/hotell.uhotelsgroup.com\/et\/\",\"name\":\"MAIN SITE |&nbsp;DO NOT EDIT\",\"isPartOf\":{\"@id\":\"https:\/\/hotell.uhotelsgroup.com\/#website\"},\"datePublished\":\"2018-08-13T15:31:05+00:00\",\"dateModified\":\"2019-07-31T11:58:02+00:00\",\"description\":\"4-t\u00e4rni \u00e4rihotell Tallinna kesklinnas, 10 minuti kaugusel Tallinna vanalinnast, p\u00fchendatud Eesti Vabariigi 100. juubelile.\",\"breadcrumb\":{\"@id\":\"https:\/\/hotell.uhotelsgroup.com\/et\/#breadcrumb\"},\"inLanguage\":\"et\",\"potentialAction\":[{\"@type\":\"ReadAction\",\"target\":[\"https:\/\/hotell.uhotelsgroup.com\/et\/\"]}]},{\"@type\":\"BreadcrumbList\",\"@id\":\"https:\/\/hotell.uhotelsgroup.com\/et\/#breadcrumb\",\"itemListElement\":[{\"@type\":\"ListItem\",\"position\":1,\"name\":\"Home\",\"item\":\"https:\/\/hotell.uhotelsgroup.com\/et\/\"},{\"@type\":\"ListItem\",\"position\":2,\"name\":\"Avaleht\"}]},{\"@type\":\"WebSite\",\"@id\":\"https:\/\/hotell.uhotelsgroup.com\/#website\",\"url\":\"https:\/\/hotell.uhotelsgroup.com\/\",\"name\":\"MAIN SITE |&nbsp;DO NOT EDIT\",\"description\":\"\",\"publisher\":{\"@id\":\"https:\/\/hotell.uhotelsgroup.com\/#organization\"},\"potentialAction\":[{\"@type\":\"SearchAction\",\"target\":{\"@type\":\"EntryPoint\",\"urlTemplate\":\"https:\/\/hotell.uhotelsgroup.com\/?s={search_term_string}\"},\"query-input\":{\"@type\":\"PropertyValueSpecification\",\"valueRequired\":true,\"valueName\":\"search_term_string\"}}],\"inLanguage\":\"et\"},{\"@type\":\"Organization\",\"@id\":\"https:\/\/hotell.uhotelsgroup.com\/#organization\",\"name\":\"MAIN SITE |&nbsp;DO NOT EDIT\",\"url\":\"https:\/\/hotell.uhotelsgroup.com\/\",\"logo\":{\"@type\":\"ImageObject\",\"inLanguage\":\"et\",\"@id\":\"https:\/\/hotell.uhotelsgroup.com\/#\/schema\/logo\/image\/\",\"url\":\"https:\/\/hotell.uhotelsgroup.com\/wp-content\/uploads\/2018\/11\/Centennial_logo-valge-01.svg\",\"contentUrl\":\"https:\/\/hotell.uhotelsgroup.com\/wp-content\/uploads\/2018\/11\/Centennial_logo-valge-01.svg\",\"caption\":\"MAIN SITE |&nbsp;DO NOT EDIT\"},\"image\":{\"@id\":\"https:\/\/hotell.uhotelsgroup.com\/#\/schema\/logo\/image\/\"}}]}<\/script>\n<!-- \/ Yoast SEO plugin. -->","yoast_head_json":{"title":"MAIN SITE |&nbsp;DO NOT EDIT","description":"4-t\u00e4rni \u00e4rihotell Tallinna kesklinnas, 10 minuti kaugusel Tallinna vanalinnast, p\u00fchendatud Eesti Vabariigi 100. juubelile.","robots":{"index":"noindex","follow":"follow","max-snippet":"max-snippet:-1","max-image-preview":"max-image-preview:large","max-video-preview":"max-video-preview:-1"},"og_locale":"et_EE","og_type":"article","og_title":"CENTENNIAL HOTEL TALLINN","og_description":"4-t\u00e4rni \u00e4rihotell Tallinna kesklinnas, 10 minuti kaugusel Tallinna vanalinnast, p\u00fchendatud Eesti Vabariigi 100. juubelile.","og_url":"https:\/\/hotell.uhotelsgroup.com\/et\/","og_site_name":"MAIN SITE |&nbsp;DO NOT EDIT","article_modified_time":"2019-07-31T11:58:02+00:00","og_image":[{"width":1132,"height":548,"url":"https:\/\/hotell.uhotelsgroup.com\/wp-content\/uploads\/2018\/09\/Contact-Location-slider-1.jpg","type":"image\/jpeg"}],"twitter_card":"summary_large_image","schema":{"@context":"https:\/\/schema.org","@graph":[{"@type":"WebPage","@id":"https:\/\/hotell.uhotelsgroup.com\/et\/","url":"https:\/\/hotell.uhotelsgroup.com\/et\/","name":"MAIN SITE |&nbsp;DO NOT EDIT","isPartOf":{"@id":"https:\/\/hotell.uhotelsgroup.com\/#website"},"datePublished":"2018-08-13T15:31:05+00:00","dateModified":"2019-07-31T11:58:02+00:00","description":"4-t\u00e4rni \u00e4rihotell Tallinna kesklinnas, 10 minuti kaugusel Tallinna vanalinnast, p\u00fchendatud Eesti Vabariigi 100. juubelile.","breadcrumb":{"@id":"https:\/\/hotell.uhotelsgroup.com\/et\/#breadcrumb"},"inLanguage":"et","potentialAction":[{"@type":"ReadAction","target":["https:\/\/hotell.uhotelsgroup.com\/et\/"]}]},{"@type":"BreadcrumbList","@id":"https:\/\/hotell.uhotelsgroup.com\/et\/#breadcrumb","itemListElement":[{"@type":"ListItem","position":1,"name":"Home","item":"https:\/\/hotell.uhotelsgroup.com\/et\/"},{"@type":"ListItem","position":2,"name":"Avaleht"}]},{"@type":"WebSite","@id":"https:\/\/hotell.uhotelsgroup.com\/#website","url":"https:\/\/hotell.uhotelsgroup.com\/","name":"MAIN SITE |&nbsp;DO NOT EDIT","description":"","publisher":{"@id":"https:\/\/hotell.uhotelsgroup.com\/#organization"},"potentialAction":[{"@type":"SearchAction","target":{"@type":"EntryPoint","urlTemplate":"https:\/\/hotell.uhotelsgroup.com\/?s={search_term_string}"},"query-input":{"@type":"PropertyValueSpecification","valueRequired":true,"valueName":"search_term_string"}}],"inLanguage":"et"},{"@type":"Organization","@id":"https:\/\/hotell.uhotelsgroup.com\/#organization","name":"MAIN SITE |&nbsp;DO NOT EDIT","url":"https:\/\/hotell.uhotelsgroup.com\/","logo":{"@type":"ImageObject","inLanguage":"et","@id":"https:\/\/hotell.uhotelsgroup.com\/#\/schema\/logo\/image\/","url":"https:\/\/hotell.uhotelsgroup.com\/wp-content\/uploads\/2018\/11\/Centennial_logo-valge-01.svg","contentUrl":"https:\/\/hotell.uhotelsgroup.com\/wp-content\/uploads\/2018\/11\/Centennial_logo-valge-01.svg","caption":"MAIN SITE |&nbsp;DO NOT EDIT"},"image":{"@id":"https:\/\/hotell.uhotelsgroup.com\/#\/schema\/logo\/image\/"}}]}},"_links":{"self":[{"href":"https:\/\/hotell.uhotelsgroup.com\/et\/wp-json\/wp\/v2\/pages\/550","targetHints":{"allow":["GET"]}}],"collection":[{"href":"https:\/\/hotell.uhotelsgroup.com\/et\/wp-json\/wp\/v2\/pages"}],"about":[{"href":"https:\/\/hotell.uhotelsgroup.com\/et\/wp-json\/wp\/v2\/types\/page"}],"author":[{"embeddable":true,"href":"https:\/\/hotell.uhotelsgroup.com\/et\/wp-json\/wp\/v2\/users\/1"}],"replies":[{"embeddable":true,"href":"https:\/\/hotell.uhotelsgroup.com\/et\/wp-json\/wp\/v2\/comments?post=550"}],"version-history":[{"count":9,"href":"https:\/\/hotell.uhotelsgroup.com\/et\/wp-json\/wp\/v2\/pages\/550\/revisions"}],"predecessor-version":[{"id":1696,"href":"https:\/\/hotell.uhotelsgroup.com\/et\/wp-json\/wp\/v2\/pages\/550\/revisions\/1696"}],"wp:attachment":[{"href":"https:\/\/hotell.uhotelsgroup.com\/et\/wp-json\/wp\/v2\/media?parent=550"}],"curies":[{"name":"wp","href":"https:\/\/api.w.org\/{rel}","templated":true}]}}